{"id":518,"date":"2021-04-30T16:35:30","date_gmt":"2021-04-30T14:35:30","guid":{"rendered":"http:\/\/zmqrl3.podcaster.de\/?page_id=518"},"modified":"2025-07-31T14:41:33","modified_gmt":"2025-07-31T12:41:33","slug":"podcasts","status":"publish","type":"page","link":"https:\/\/zmqrl3.podcaster.de\/","title":{"rendered":""},"content":{"rendered":"\n<figure class=\"wp-block-image size-large is-resized\"><img loading=\"lazy\" decoding=\"async\" width=\"1024\" height=\"1024\" src=\"http:\/\/zmqrl3.podcaster.de\/files\/2021\/09\/Logo-1-1024x1024.jpg\" alt=\"\" class=\"wp-image-993\" style=\"width:335px;height:auto\" srcset=\"https:\/\/zmqrl3.podcaster.de\/files\/2021\/09\/Logo-1-1024x1024.jpg 1024w, https:\/\/zmqrl3.podcaster.de\/files\/2021\/09\/Logo-1-300x300.jpg 300w, https:\/\/zmqrl3.podcaster.de\/files\/2021\/09\/Logo-1-150x150.jpg 150w, https:\/\/zmqrl3.podcaster.de\/files\/2021\/09\/Logo-1-768x768.jpg 768w, https:\/\/zmqrl3.podcaster.de\/files\/2021\/09\/Logo-1.jpg 1400w\" sizes=\"auto, (max-width: 1024px) 100vw, 1024px\" \/><\/figure>\n\n\n\n<div class=\"wp-block-columns is-layout-flex wp-container-core-columns-is-layout-9d6595d7 wp-block-columns-is-layout-flex\">\n<div class=\"wp-block-column is-layout-flow wp-block-column-is-layout-flow\" style=\"flex-basis:100%\">\n<div class=\"wp-block-group\"><div class=\"wp-block-group__inner-container is-layout-flow wp-block-group-is-layout-flow\">\n<div class=\"wp-block-group\"><div class=\"wp-block-group__inner-container is-layout-flow wp-block-group-is-layout-flow\">\n<p>Betreiber: Bjoern Candidus, Marco Fritz, Patrick M\u00fcller und Patrick Siebold<\/p>\n\n\n\n<p>Technik: Arne van Lessen<\/p>\n\n\n\n<p>Musik: Carlos Ebelh\u00e4user<\/p>\n\n\n\n<p>Der Podcast ANTENNE TRAUMSTADT<br>legt seinen Fokus vor allem auf Filme aus der zweiten und dritten Reihe;<br>konzentriert sich dabei auf s\u00e4mtliche Genre mit dem Schwerpunkt Horror,<br>Scifi, Fantasy und Thriller, ist aber auch offen f\u00fcr alle anderen<br>Genre-Bereiche. Hier soll es nicht nur um Filmbesprechungen gehen,<br>sondern auch um Filmzeitschriften, Comics, Soundtracks, B\u00fccher,<br>Romanvorlagen, kulturelle Entwicklungen, aktuelles Zeitgeschehen,<br>Interviews, Berichte usw. Ziel des Podcast ist die Pr\u00e4sentation und<br>Instandhaltung filmischer Kultur. Mit pers\u00f6nlichen Erfahrungen und<br>Fakten basierenden Infos will ANTENNE TRAUMSTADT dem Zuh\u00f6rer Filme nahebringen und so einen fruchtbaren Boden schaffen.<\/p>\n<\/div><\/div>\n<\/div><\/div>\n<\/div>\n<\/div>\n","protected":false},"excerpt":{"rendered":"<p>Betreiber: Bjoern Candidus, Marco Fritz, Patrick M\u00fcller und Patrick Siebold Technik: Arne van Lessen Musik: Carlos Ebelh\u00e4user Der Podcast ANTENNE TRAUMSTADTlegt seinen Fokus vor allem auf Filme aus der zweiten und dritten Reihe;konzentriert sich dabei auf s\u00e4mtliche Genre mit dem &hellip; <a href=\"https:\/\/zmqrl3.podcaster.de\/\">Weiterlesen <span class=\"meta-nav\">&rarr;<\/span><\/a><\/p>\n","protected":false},"author":10544,"featured_media":0,"parent":0,"menu_order":0,"comment_status":"closed","ping_status":"closed","template":"","meta":{"enclosure":"","podcast_author":"","podcast_copyright":"","podcast_website":"","podcast_logo":"","footnotes":""},"class_list":["post-518","page","type-page","status-publish","hentry"],"_links":{"self":[{"href":"https:\/\/zmqrl3.podcaster.de\/index.php?rest_route=\/wp\/v2\/pages\/518","targetHints":{"allow":["GET"]}}],"collection":[{"href":"https:\/\/zmqrl3.podcaster.de\/index.php?rest_route=\/wp\/v2\/pages"}],"about":[{"href":"https:\/\/zmqrl3.podcaster.de\/index.php?rest_route=\/wp\/v2\/types\/page"}],"author":[{"embeddable":true,"href":"https:\/\/zmqrl3.podcaster.de\/index.php?rest_route=\/wp\/v2\/users\/10544"}],"replies":[{"embeddable":true,"href":"https:\/\/zmqrl3.podcaster.de\/index.php?rest_route=%2Fwp%2Fv2%2Fcomments&post=518"}],"version-history":[{"count":68,"href":"https:\/\/zmqrl3.podcaster.de\/index.php?rest_route=\/wp\/v2\/pages\/518\/revisions"}],"predecessor-version":[{"id":1559,"href":"https:\/\/zmqrl3.podcaster.de\/index.php?rest_route=\/wp\/v2\/pages\/518\/revisions\/1559"}],"wp:attachment":[{"href":"https:\/\/zmqrl3.podcaster.de\/index.php?rest_route=%2Fwp%2Fv2%2Fmedia&parent=518"}],"curies":[{"name":"wp","href":"https:\/\/api.w.org\/{rel}","templated":true}]}}